{"id":65,"date":"2023-11-14T18:53:34","date_gmt":"2023-11-14T21:53:34","guid":{"rendered":"https:\/\/educarte.academy\/?post_type=product&#038;p=65"},"modified":"2025-12-09T22:16:10","modified_gmt":"2025-12-10T01:16:10","slug":"arvore-de-jesse-2023","status":"publish","type":"product","link":"https:\/\/educarte.academy\/?product=arvore-de-jesse-2023","title":{"rendered":"\u00c1rvore de Jess\u00e9 2023"},"content":{"rendered":"\r\n<p>Livro de atividades que cont\u00e9m um auto de Natal, jogos, \u00e1rvore de Jess\u00e9, calend\u00e1rio de natalina e muito mais<\/p>\r\n\r\n\r\n\r\n<p><br \/>168 p\u00e1ginas<\/p>\r\n","protected":false},"excerpt":{"rendered":"<p>Livro de atividades que cont\u00e9m um auto de Natal, jogos, \u00e1rvore de Jess\u00e9, calend\u00e1rio de natalina e muito mais<\/p>\n","protected":false},"featured_media":66,"comment_status":"open","ping_status":"closed","template":"","meta":[],"product_brand":[],"product_cat":[22],"product_tag":[],"class_list":{"0":"post-65","1":"product","2":"type-product","3":"status-publish","4":"has-post-thumbnail","6":"product_cat-e-book","7":"product_shipping_class-sc-arvore-jesse-2023","9":"first","10":"instock","11":"sale","12":"downloadable","13":"virtual","14":"taxable","15":"purchasable","16":"product-type-simple"},"jetpack_sharing_enabled":true,"_links":{"self":[{"href":"https:\/\/educarte.academy\/index.php?rest_route=\/wp\/v2\/product\/65","targetHints":{"allow":["GET"]}}],"collection":[{"href":"https:\/\/educarte.academy\/index.php?rest_route=\/wp\/v2\/product"}],"about":[{"href":"https:\/\/educarte.academy\/index.php?rest_route=\/wp\/v2\/types\/product"}],"replies":[{"embeddable":true,"href":"https:\/\/educarte.academy\/index.php?rest_route=%2Fwp%2Fv2%2Fcomments&post=65"}],"wp:featuredmedia":[{"embeddable":true,"href":"https:\/\/educarte.academy\/index.php?rest_route=\/wp\/v2\/media\/66"}],"wp:attachment":[{"href":"https:\/\/educarte.academy\/index.php?rest_route=%2Fwp%2Fv2%2Fmedia&parent=65"}],"wp:term":[{"taxonomy":"product_brand","embeddable":true,"href":"https:\/\/educarte.academy\/index.php?rest_route=%2Fwp%2Fv2%2Fproduct_brand&post=65"},{"taxonomy":"product_cat","embeddable":true,"href":"https:\/\/educarte.academy\/index.php?rest_route=%2Fwp%2Fv2%2Fproduct_cat&post=65"},{"taxonomy":"product_tag","embeddable":true,"href":"https:\/\/educarte.academy\/index.php?rest_route=%2Fwp%2Fv2%2Fproduct_tag&post=65"}],"curies":[{"name":"wp","href":"https:\/\/api.w.org\/{rel}","templated":true}]}}