{"id":332,"date":"2025-12-08T17:22:48","date_gmt":"2025-12-08T20:22:48","guid":{"rendered":"https:\/\/educarte.academy\/?post_type=product&#038;p=332"},"modified":"2025-12-09T22:10:51","modified_gmt":"2025-12-10T01:10:51","slug":"novena-de-natal-premium-o-presente-completo","status":"publish","type":"product","link":"https:\/\/educarte.academy\/?product=novena-de-natal-premium-o-presente-completo","title":{"rendered":"Novena de Natal &#8211; PREMIUM: O Presente Completo"},"content":{"rendered":"\r\n<p>[Livro Impresso + livro pdf + Aplicativo]<\/p>\r\n\r\n\r\n\r\n<p>Livro de Colorir com Capa Especial e Impress\u00e3o de Qualidade, Acesso Ilimitado ao Aplicativo com Medita\u00e7\u00f5es Guiadas.Imprima quantas c\u00f3pias desejar para toda a fam\u00edlia! Pre\u00e7o exclusivo com frete gr\u00e1tis<\/p>\r\n\r\n\r\n\r\n<p>As medita\u00e7\u00f5es no aplicativo estar\u00e3o dispon\u00edveis nos dias da Novena.<\/p>\r\n","protected":false},"excerpt":{"rendered":"<p>[Livro Impresso + livro pdf + Aplicativo] Livro de Colorir com Capa Especial e Impress\u00e3o de Qualidade, Acesso Ilimitado ao Aplicativo com Medita\u00e7\u00f5es Guiadas.Imprima quantas c\u00f3pias desejar para toda a fam\u00edlia! Pre\u00e7o exclusivo com frete gr\u00e1tis As medita\u00e7\u00f5es no aplicativo estar\u00e3o dispon\u00edveis nos dias da Novena.<\/p>\n","protected":false},"featured_media":324,"comment_status":"open","ping_status":"closed","template":"","meta":[],"product_brand":[],"product_cat":[22,17,24],"product_tag":[],"class_list":{"0":"post-332","1":"product","2":"type-product","3":"status-publish","4":"has-post-thumbnail","6":"product_cat-e-book","7":"product_cat-livro","8":"product_cat-novena-de-natal","10":"first","11":"instock","12":"downloadable","13":"taxable","14":"shipping-taxable","15":"purchasable","16":"product-type-simple"},"jetpack_sharing_enabled":true,"_links":{"self":[{"href":"https:\/\/educarte.academy\/index.php?rest_route=\/wp\/v2\/product\/332","targetHints":{"allow":["GET"]}}],"collection":[{"href":"https:\/\/educarte.academy\/index.php?rest_route=\/wp\/v2\/product"}],"about":[{"href":"https:\/\/educarte.academy\/index.php?rest_route=\/wp\/v2\/types\/product"}],"replies":[{"embeddable":true,"href":"https:\/\/educarte.academy\/index.php?rest_route=%2Fwp%2Fv2%2Fcomments&post=332"}],"wp:featuredmedia":[{"embeddable":true,"href":"https:\/\/educarte.academy\/index.php?rest_route=\/wp\/v2\/media\/324"}],"wp:attachment":[{"href":"https:\/\/educarte.academy\/index.php?rest_route=%2Fwp%2Fv2%2Fmedia&parent=332"}],"wp:term":[{"taxonomy":"product_brand","embeddable":true,"href":"https:\/\/educarte.academy\/index.php?rest_route=%2Fwp%2Fv2%2Fproduct_brand&post=332"},{"taxonomy":"product_cat","embeddable":true,"href":"https:\/\/educarte.academy\/index.php?rest_route=%2Fwp%2Fv2%2Fproduct_cat&post=332"},{"taxonomy":"product_tag","embeddable":true,"href":"https:\/\/educarte.academy\/index.php?rest_route=%2Fwp%2Fv2%2Fproduct_tag&post=332"}],"curies":[{"name":"wp","href":"https:\/\/api.w.org\/{rel}","templated":true}]}}