{"id":329,"date":"2025-12-08T16:43:00","date_gmt":"2025-12-08T19:43:00","guid":{"rendered":"https:\/\/educarte.academy\/?post_type=product&#038;p=329"},"modified":"2025-12-09T22:11:26","modified_gmt":"2025-12-10T01:11:26","slug":"novena-de-natal-opcao-digital","status":"publish","type":"product","link":"https:\/\/educarte.academy\/?product=novena-de-natal-opcao-digital","title":{"rendered":"Novena de Natal &#8211; OP\u00c7\u00c3O DIGITAL"},"content":{"rendered":"\r\n<p>[Livro PDF + Aplicativo]<\/p>\r\n\r\n\r\n\r\n<p>&nbsp;<\/p>\r\n<p>Livro de Colorir da Novena em PDF e Acesso Ilimitado ao Aplicativo com Medita\u00e7\u00f5es Guiadas.<\/p>\r\n\r\n\r\n\r\n<p>Imprima quantas c\u00f3pias desejar para toda a fam\u00edlia!<\/p>","protected":false},"excerpt":{"rendered":"<p>[Livro PDF + Aplicativo] &nbsp; Livro de Colorir da Novena em PDF e Acesso Ilimitado ao Aplicativo com Medita\u00e7\u00f5es Guiadas. Imprima quantas c\u00f3pias desejar para toda a fam\u00edlia!<\/p>\n","protected":false},"featured_media":327,"comment_status":"open","ping_status":"closed","template":"","meta":[],"product_brand":[],"product_cat":[22,24],"product_tag":[],"class_list":{"0":"post-329","1":"product","2":"type-product","3":"status-publish","4":"has-post-thumbnail","6":"product_cat-e-book","7":"product_cat-novena-de-natal","9":"first","10":"instock","11":"downloadable","12":"virtual","13":"taxable","14":"purchasable","15":"product-type-simple"},"jetpack_sharing_enabled":true,"_links":{"self":[{"href":"https:\/\/educarte.academy\/index.php?rest_route=\/wp\/v2\/product\/329","targetHints":{"allow":["GET"]}}],"collection":[{"href":"https:\/\/educarte.academy\/index.php?rest_route=\/wp\/v2\/product"}],"about":[{"href":"https:\/\/educarte.academy\/index.php?rest_route=\/wp\/v2\/types\/product"}],"replies":[{"embeddable":true,"href":"https:\/\/educarte.academy\/index.php?rest_route=%2Fwp%2Fv2%2Fcomments&post=329"}],"wp:featuredmedia":[{"embeddable":true,"href":"https:\/\/educarte.academy\/index.php?rest_route=\/wp\/v2\/media\/327"}],"wp:attachment":[{"href":"https:\/\/educarte.academy\/index.php?rest_route=%2Fwp%2Fv2%2Fmedia&parent=329"}],"wp:term":[{"taxonomy":"product_brand","embeddable":true,"href":"https:\/\/educarte.academy\/index.php?rest_route=%2Fwp%2Fv2%2Fproduct_brand&post=329"},{"taxonomy":"product_cat","embeddable":true,"href":"https:\/\/educarte.academy\/index.php?rest_route=%2Fwp%2Fv2%2Fproduct_cat&post=329"},{"taxonomy":"product_tag","embeddable":true,"href":"https:\/\/educarte.academy\/index.php?rest_route=%2Fwp%2Fv2%2Fproduct_tag&post=329"}],"curies":[{"name":"wp","href":"https:\/\/api.w.org\/{rel}","templated":true}]}}