{"id":197,"date":"2023-12-02T20:04:23","date_gmt":"2023-12-02T23:04:23","guid":{"rendered":"https:\/\/educarte.academy\/?post_type=product&#038;p=197"},"modified":"2023-12-22T19:49:18","modified_gmt":"2023-12-22T22:49:18","slug":"primeira-infancia-logica","status":"publish","type":"product","link":"https:\/\/educarte.academy\/?product=primeira-infancia-logica","title":{"rendered":"Primeira Inf\u00e2ncia &#8211; l\u00f3gica"},"content":{"rendered":"<p>Apostila com exerc\u00edcios de para crian\u00e7as pr\u00e9-escolares de 4 anos. Cont\u00e9m atividades de discrimina\u00e7\u00e3o visual, racioc\u00ednio l\u00f3gico, grafismo, atividades para auxiliar no desenvolvimento da coordena\u00e7\u00e3o motora e numeracia.<\/p>\n","protected":false},"excerpt":{"rendered":"<p>Apostila com exerc\u00edcios de para crian\u00e7as pr\u00e9-escolares de 4 anos. Cont\u00e9m atividades de discrimina\u00e7\u00e3o visual, racioc\u00ednio l\u00f3gico, grafismo, atividades para auxiliar no desenvolvimento da coordena\u00e7\u00e3o motora e numeracia.<\/p>\n","protected":false},"featured_media":199,"comment_status":"open","ping_status":"closed","template":"","meta":[],"product_brand":[],"product_cat":[22],"product_tag":[],"class_list":{"0":"post-197","1":"product","2":"type-product","3":"status-publish","4":"has-post-thumbnail","6":"product_cat-e-book","8":"first","9":"instock","10":"downloadable","11":"purchasable","12":"product-type-simple"},"jetpack_sharing_enabled":true,"_links":{"self":[{"href":"https:\/\/educarte.academy\/index.php?rest_route=\/wp\/v2\/product\/197","targetHints":{"allow":["GET"]}}],"collection":[{"href":"https:\/\/educarte.academy\/index.php?rest_route=\/wp\/v2\/product"}],"about":[{"href":"https:\/\/educarte.academy\/index.php?rest_route=\/wp\/v2\/types\/product"}],"replies":[{"embeddable":true,"href":"https:\/\/educarte.academy\/index.php?rest_route=%2Fwp%2Fv2%2Fcomments&post=197"}],"wp:featuredmedia":[{"embeddable":true,"href":"https:\/\/educarte.academy\/index.php?rest_route=\/wp\/v2\/media\/199"}],"wp:attachment":[{"href":"https:\/\/educarte.academy\/index.php?rest_route=%2Fwp%2Fv2%2Fmedia&parent=197"}],"wp:term":[{"taxonomy":"product_brand","embeddable":true,"href":"https:\/\/educarte.academy\/index.php?rest_route=%2Fwp%2Fv2%2Fproduct_brand&post=197"},{"taxonomy":"product_cat","embeddable":true,"href":"https:\/\/educarte.academy\/index.php?rest_route=%2Fwp%2Fv2%2Fproduct_cat&post=197"},{"taxonomy":"product_tag","embeddable":true,"href":"https:\/\/educarte.academy\/index.php?rest_route=%2Fwp%2Fv2%2Fproduct_tag&post=197"}],"curies":[{"name":"wp","href":"https:\/\/api.w.org\/{rel}","templated":true}]}}