{"id":323,"date":"2025-12-08T17:26:22","date_gmt":"2025-12-08T20:26:22","guid":{"rendered":"https:\/\/educarte.academy\/?page_id=323"},"modified":"2025-12-09T23:00:37","modified_gmt":"2025-12-10T02:00:37","slug":"novena-de-natal-para-criancas-livro-de-color-aplicativo","status":"publish","type":"page","link":"https:\/\/educarte.academy\/","title":{"rendered":"Novena de Natal para Crian\u00e7as &#8211; Livro de Color + Aplicativo"},"content":{"rendered":"\n<p>Transforme a Espera pelo Natal em 9 Dias de Arte, F\u00e9 e Conex\u00e3o em Fam\u00edlia.<\/p>\n\n\n\n<h4 class=\"wp-block-heading\">Livro de Colorir, Novena de Natal e Aplicativo com Medita\u00e7\u00f5es de Santo Afonso Maria de Lig\u00f3rio adaptadas para crian\u00e7as.<\/h4>\n\n\n<div class=\"wp-block-image\">\n<figure class=\"alignleft size-large is-resized\"><img fetchpriority=\"high\" decoding=\"async\" width=\"724\" height=\"1024\" src=\"https:\/\/educarte.academy\/wp-content\/uploads\/2025\/12\/Boas-novas-cute-Capa-724x1024.png\" alt=\"\" class=\"wp-image-324\" style=\"width:334px;height:auto\" srcset=\"https:\/\/educarte.academy\/wp-content\/uploads\/2025\/12\/Boas-novas-cute-Capa-724x1024.png 724w, https:\/\/educarte.academy\/wp-content\/uploads\/2025\/12\/Boas-novas-cute-Capa-212x300.png 212w, https:\/\/educarte.academy\/wp-content\/uploads\/2025\/12\/Boas-novas-cute-Capa-768x1086.png 768w, https:\/\/educarte.academy\/wp-content\/uploads\/2025\/12\/Boas-novas-cute-Capa-1086x1536.png 1086w, https:\/\/educarte.academy\/wp-content\/uploads\/2025\/12\/Boas-novas-cute-Capa-1320x1867.png 1320w, https:\/\/educarte.academy\/wp-content\/uploads\/2025\/12\/Boas-novas-cute-Capa-416x588.png 416w, https:\/\/educarte.academy\/wp-content\/uploads\/2025\/12\/Boas-novas-cute-Capa.png 1414w\" sizes=\"(max-width: 724px) 100vw, 724px\" \/><\/figure>\n<\/div>\n\n\n<p>O Natal \u00e9 a \u00e9poca de preparar nossos cora\u00e7\u00f5es para receber o menino Jesus.<\/p>\n\n\n\n<p>Mas as crian\u00e7as pequenas perdem o interesse nas ora\u00e7\u00f5es tradicionais, e precisam de uma catequese na linguagem adequada.<\/p>\n\n\n\n<p>Voc\u00ea quer que seus filhos compreendam o verdadeiro significado do Natal de forma l\u00fadica?<\/p>\n\n\n\n<p>O Boas Novas Cutie \u00e9 o kit completo que usa a concentra\u00e7\u00e3o da arte para guiar o cora\u00e7\u00e3o das crian\u00e7as rumo ao nascimento de Jesus.<\/p>\n\n\n\n<h2 class=\"wp-block-heading\">O que voc\u00ea recebe no Kit:<\/h2>\n\n\n\n<p>1 &#8211; O Livro de Colorir<br>Desenhos tem\u00e1ticos e inspiradores para cada dia da Novena.<br>A cada tra\u00e7o, a crian\u00e7a memoriza e internaliza a reflex\u00e3o do dia.<br>Ideal para desenvolver a coordena\u00e7\u00e3o motora enquanto escuta a reflex\u00e3o do dia.<\/p>\n\n\n\n<p>2 &#8211; A Novena<br>Textos da Novena de Natal adaptados em linguagem simples e envolvente para os pequenos.<\/p>\n\n\n\n<p>3 &#8211; Acesso ao Aplicativo Exclusivo com Medita\u00e7\u00f5es de Santo Afonso Maria de Lig\u00f3rio adaptadas para crian\u00e7as em \u00c1udio.<br>Acesso Ilimitado: Use o conte\u00fado do aplicativo todos os anos!<\/p>\n\n\n\n<figure class=\"wp-block-image size-large\"><img decoding=\"async\" width=\"576\" height=\"1024\" src=\"https:\/\/educarte.academy\/wp-content\/uploads\/2025\/12\/WhatsApp-Image-2025-12-07-at-16.21.19-576x1024.jpeg\" alt=\"\" class=\"wp-image-327\" srcset=\"https:\/\/educarte.academy\/wp-content\/uploads\/2025\/12\/WhatsApp-Image-2025-12-07-at-16.21.19-576x1024.jpeg 576w, https:\/\/educarte.academy\/wp-content\/uploads\/2025\/12\/WhatsApp-Image-2025-12-07-at-16.21.19-169x300.jpeg 169w, https:\/\/educarte.academy\/wp-content\/uploads\/2025\/12\/WhatsApp-Image-2025-12-07-at-16.21.19-768x1365.jpeg 768w, https:\/\/educarte.academy\/wp-content\/uploads\/2025\/12\/WhatsApp-Image-2025-12-07-at-16.21.19-864x1536.jpeg 864w, https:\/\/educarte.academy\/wp-content\/uploads\/2025\/12\/WhatsApp-Image-2025-12-07-at-16.21.19-416x740.jpeg 416w, https:\/\/educarte.academy\/wp-content\/uploads\/2025\/12\/WhatsApp-Image-2025-12-07-at-16.21.19.jpeg 900w\" sizes=\"(max-width: 576px) 100vw, 576px\" \/><\/figure>\n\n\n\n<p><strong>Menos Distra\u00e7\u00e3o, Mais Devo\u00e7\u00e3o:<\/strong><\/p>\n\n\n\n<p>Substitua o tempo de tela passivo por uma atividade que une arte, concentra\u00e7\u00e3o e f\u00e9.<\/p>\n\n\n\n<p><strong>Rotina de Ora\u00e7\u00e3o Prazerosa:<\/strong><\/p>\n\n\n\n<p>As crian\u00e7as pedir\u00e3o para fazer a Novena. O livro de colorir se torna o incentivo para a ora\u00e7\u00e3o!<\/p>\n\n\n\n<p><strong>Conex\u00e3o Familiar Inesquec\u00edvel:<\/strong><\/p>\n\n\n\n<p>Crie uma mem\u00f3ria afetiva com o verdadeiro sentido do Natal, em fam\u00edlia.<\/p>\n\n\n\n<p><strong>Desenvolvimento Infantil:<\/strong><\/p>\n\n\n\n<p>Refor\u00e7a a coordena\u00e7\u00e3o motora, estimula a criatividade e ensina valores crist\u00e3os.<\/p>\n\n\n\n<p>OP\u00c7\u00c3O DIGITAL:<br>[Livro PDF + Aplicativo]<\/p>\n\n\n\n<p>Livro de Colorir da Novena em PDF e Acesso Ilimitado ao Aplicativo com Medita\u00e7\u00f5es Guiadas.<\/p>\n\n\n\n<p>Imprima quantas c\u00f3pias desejar para toda a fam\u00edlia!<br><a href=\"https:\/\/educarte.academy\/?product=novena-de-natal-opcao-digital\" data-type=\"product\" data-id=\"329\">Pre\u00e7o Especial: R$ 49,90<\/a><\/p>\n\n\n\n<p>PREMIUM: O Presente Completo<br>[Livro Impresso + livro pdf + Aplicativo]<\/p>\n\n\n\n<p>Livro de Colorir com Capa Especial e Impress\u00e3o de Qualidade, Acesso Ilimitado ao Aplicativo com Medita\u00e7\u00f5es Guiadas.Imprima quantas c\u00f3pias desejar para toda a fam\u00edlia!<br><a href=\"https:\/\/educarte.academy\/?product=novena-de-natal-premium-o-presente-completo\" data-type=\"product\" data-id=\"332\">Pre\u00e7o Exclusivo: R$ 79,90 com frete gr\u00e1tis<\/a><\/p>\n\n\n\n<p>As medita\u00e7\u00f5es no aplicativo estar\u00e3o dispon\u00edveis nos dias da Novena.<\/p>\n","protected":false},"excerpt":{"rendered":"<p>Transforme a Espera pelo Natal em 9 Dias de Arte, F\u00e9 e Conex\u00e3o em Fam\u00edlia. Livro de Colorir, Novena de Natal e Aplicativo com Medita\u00e7\u00f5es de Santo Afonso Maria de Lig\u00f3rio adaptadas para crian\u00e7as. O Natal \u00e9 a \u00e9poca de preparar nossos cora\u00e7\u00f5es para receber o menino Jesus. Mas as crian\u00e7as pequenas perdem o interesse [&hellip;]<\/p>\n","protected":false},"author":1,"featured_media":0,"parent":0,"menu_order":0,"comment_status":"closed","ping_status":"closed","template":"","meta":{"footnotes":""},"class_list":["post-323","page","type-page","status-publish","hentry"],"jetpack_sharing_enabled":true,"_links":{"self":[{"href":"https:\/\/educarte.academy\/index.php?rest_route=\/wp\/v2\/pages\/323","targetHints":{"allow":["GET"]}}],"collection":[{"href":"https:\/\/educarte.academy\/index.php?rest_route=\/wp\/v2\/pages"}],"about":[{"href":"https:\/\/educarte.academy\/index.php?rest_route=\/wp\/v2\/types\/page"}],"author":[{"embeddable":true,"href":"https:\/\/educarte.academy\/index.php?rest_route=\/wp\/v2\/users\/1"}],"replies":[{"embeddable":true,"href":"https:\/\/educarte.academy\/index.php?rest_route=%2Fwp%2Fv2%2Fcomments&post=323"}],"version-history":[{"count":4,"href":"https:\/\/educarte.academy\/index.php?rest_route=\/wp\/v2\/pages\/323\/revisions"}],"predecessor-version":[{"id":341,"href":"https:\/\/educarte.academy\/index.php?rest_route=\/wp\/v2\/pages\/323\/revisions\/341"}],"wp:attachment":[{"href":"https:\/\/educarte.academy\/index.php?rest_route=%2Fwp%2Fv2%2Fmedia&parent=323"}],"curies":[{"name":"wp","href":"https:\/\/api.w.org\/{rel}","templated":true}]}}