{"id":3,"date":"2023-06-02T18:32:47","date_gmt":"2023-06-02T21:32:47","guid":{"rendered":"http:\/\/educarte.academy\/?page_id=3"},"modified":"2025-12-16T17:21:20","modified_gmt":"2025-12-16T20:21:20","slug":"politica-de-privacidade","status":"publish","type":"page","link":"https:\/\/educarte.academy\/?page_id=3","title":{"rendered":"Pol\u00edtica de privacidade"},"content":{"rendered":"\n<p><small>\u00daltima atualiza\u00e7\u00e3o: 15\/09\/2023<\/small><\/p>\n\n\n\n<h2 class=\"wp-block-heading\">01. INFORMA\u00c7\u00d5ES GERAIS<\/h2>\n\n\n\n<p>A presente Pol\u00edtica de Privacidade cont\u00e9m informa\u00e7\u00f5es sobre coleta, uso, armazenamento, tratamento e prote\u00e7\u00e3o dos dados pessoais dos usu\u00e1rios e visitantes do aplicativo Mnemosine, com a finalidade de demonstrar absoluta transpar\u00eancia quanto ao assunto e esclarecer a todos interessados sobre os tipos de dados que s\u00e3o coletados, os motivos da coleta e a forma como os usu\u00e1rios podem gerenciar ou excluir as suas informa\u00e7\u00f5es pessoais.<\/p>\n\n\n\n<p>Esta Pol\u00edtica de Privacidade aplica-se a todos os usu\u00e1rios e visitantes do aplicativo Mnemosine e integra os Termos e Condi\u00e7\u00f5es Gerais de Uso do aplicativo Mnemosine, de propriedade \u00fanica e exclusiva de Nostrum Tech Ltda devidamente inscrita no CNPJ sob o n\u00ba 03.284.450\/0001-31, situada em Belo Horizonte \u2013 MG &#8211; Brasil, doravante nominada Nostrum.<\/p>\n\n\n\n<p>O presente documento foi elaborado em conformidade com a Lei Geral de Prote\u00e7\u00e3o de Dados Pessoais (Lei 13.709\/18), o Marco Civil da Internet (Lei 12.965\/14) (e o Regulamento da UE n. 2016\/6790). Ainda, o documento poder\u00e1 ser atualizado em decorr\u00eancia de eventual atualiza\u00e7\u00e3o normativa, raz\u00e3o pela qual se recomenda ao usu\u00e1rio a consultar periodicamente esta se\u00e7\u00e3o.<\/p>\n\n\n\n<p>Ao aderir ao aplicativo Mnemosine, o usu\u00e1rio confirma expressamente que leu, entendeu e concordou com todas as disposi\u00e7\u00f5es dessa &#8220;Pol\u00edtica de Privacidade&#8221;. O usu\u00e1rio n\u00e3o poder\u00e1 utilizar o aplicativo caso n\u00e3o esteja de acordo com qualquer das disposi\u00e7\u00f5es elencadas nesse documento.<\/p>\n\n\n\n<h2 class=\"wp-block-heading\">02. QUEM SOMOS?<\/h2>\n\n\n\n<p>O Mnemosine \u00e9 um aplicativo m\u00f3vel com Medita\u00e7\u00f5es de Santo Afonso Maria de Lig\u00f3rio adaptadas para crian\u00e7as em \u00c1udio.<\/p>\n\n\n\n<h2 class=\"wp-block-heading\">03. COMO RECOLHEMOS OS DADOS PESSOAIS DO USU\u00c1RIO E DO VISITANTE?<\/h2>\n\n\n\n<p>Os dados pessoais do usu\u00e1rio e visitante s\u00e3o recolhidos pela plataforma da seguinte forma:<\/p>\n\n\n\n<ul class=\"wp-block-list\">\n<li>Quando um usu\u00e1rio e visitante acessa as p\u00e1ginas do site Teamish.app e se cadastra para receber mais informa\u00e7\u00f5es sobre a plataforma: esses dados s\u00e3o os dados b\u00e1sicos para contato posterior de nossa equipe comercial, como nome completo, empresa, e-mail e\/ou telefone. Ficam cientes os usu\u00e1rios e visitantes de que estes dados n\u00e3o estar\u00e3o acess\u00edveis aos demais usu\u00e1rios da plataforma. Informa\u00e7\u00f5es sobre intera\u00e7\u00e3o e acesso podem ser coletadas para garantir uma melhor experi\u00eancia ao usu\u00e1rio e visitante. Estes dados podem tratar sobre as palavras-chaves utilizadas em uma busca, coment\u00e1rios, visualiza\u00e7\u00f5es de p\u00e1ginas, perfis, a URL de onde o usu\u00e1rio e visitante prov\u00eam, o navegador que utilizam e seus IPs de acesso, dentre outras que poder\u00e3o ser armazenadas e retidas.<\/li>\n\n\n\n<li>Quando o usu\u00e1rio cria uma conta\/perfil na plataforma Teamish: esses dados s\u00e3o os dados de identifica\u00e7\u00e3o b\u00e1sicos, como e-mail, nome completo e telefone. A partir deles, podemos identificar o usu\u00e1rio e o visitante, al\u00e9m de garantir uma maior seguran\u00e7a e bem-estar \u00e0s suas necessidades. Ficam cientes os usu\u00e1rios e visitantes de que seu perfil na plataforma estar\u00e1 acess\u00edvel somente aos demais usu\u00e1rios de sua equipe\/time.<\/li>\n\n\n\n<li>Por interm\u00e9dio de terceiro: a plataforma Teamish recebe dados dos membros da equipe\/time pelo administrador da equipe\/time, com intuito inicial de dar acesso aos futuros usu\u00e1rios membros da equipe\/time. Esses dados s\u00e3o os dados de identifica\u00e7\u00e3o b\u00e1sicos, como e-mail, nome completo e telefone dos usu\u00e1rios que futuramente dever\u00e3o confirm\u00e1-los ao completarem seus cadastros na plataforma Teamish. Caso o usu\u00e1rio n\u00e3o desejar participar da plataforma Teamish, este dever\u00e1 solicitar a remo\u00e7\u00e3o de seus dados ao administrador da sua equipe\/time.<\/li>\n<\/ul>\n\n\n\n<h2 class=\"wp-block-heading\">04. QUAIS DADOS PESSOAIS RECOLHEMOS SOBRE O USU\u00c1RIO E VISITANTE?<\/h2>\n\n\n\n<p>Os dados pessoais do usu\u00e1rio e visitante recolhidos s\u00e3o os seguintes:<\/p>\n\n\n\n<ul class=\"wp-block-list\">\n<li>Dados para a cria\u00e7\u00e3o da conta\/perfil na plataforma Teamish: nome completo, e-mail, data de nascimento, empresa \/ equipe \/ time ao qual est\u00e1 vinculado e data de admiss\u00e3o.<\/li>\n\n\n\n<li>Dados para otimiza\u00e7\u00e3o da navega\u00e7\u00e3o: registro de acesso a p\u00e1ginas, palavras-chave utilizadas na busca, recomenda\u00e7\u00f5es, coment\u00e1rios, publica\u00e7\u00f5es, compartilhamentos, intera\u00e7\u00e3o com outros perfis e usu\u00e1rios, endere\u00e7o de IP e ID do dispositivo m\u00f3vel.<\/li>\n\n\n\n<li>Fotos e v\u00eddeos utilizados em publica\u00e7\u00f5es feitas pelo pr\u00f3prio usu\u00e1rio: quando voc\u00ea realiza uma publica\u00e7\u00e3o, ao completar miss\u00f5es, reconhecer um colega, as imagens, v\u00eddeos e textos inclu\u00eddos podem ser vistos por todos membros da equipe\/time e compartilhados novamente em qualquer lugar. Usu\u00e1rios, Visitantes e outros poder\u00e3o encontrar e visualizar seu conte\u00fado compartilhado publicamente, incluindo seu nome (e sua foto, se voc\u00ea forneceu uma).<\/li>\n\n\n\n<li>Dados emocionais: o aplicativo possui um term\u00f4metro emocional onde o pr\u00f3prio usu\u00e1rio pode reportar como est\u00e1 se sentindo e descrever a respeito disso. Esse conte\u00fado n\u00e3o \u00e9 compartilhado publicamente, e ter\u00e3o acesso a ele somente os gestores do aplicativo.<\/li>\n<\/ul>\n\n\n\n<h2 class=\"wp-block-heading\">05. PARA QUE FINALIDADES UTILIZAMOS OS DADOS PESSOAIS DO USU\u00c1RIO E VISITANTE?<\/h2>\n\n\n\n<p>Os dados pessoais do usu\u00e1rio e do visitante coletados e armazenados pela plataforma\u00a0<strong>Mnemosine<\/strong>\u00a0tem por finalidade:<\/p>\n\n\n\n<ul class=\"wp-block-list\">\n<li>Aprimorar o produto e\/ou servi\u00e7o oferecido, facilitar, agilizar e cumprir os compromissos estabelecidos entre o usu\u00e1rio e a empresa, melhorar a experi\u00eancia dos usu\u00e1rios e fornecer funcionalidades espec\u00edficas a depender das caracter\u00edsticas b\u00e1sicas do usu\u00e1rio.<\/li>\n\n\n\n<li>Melhorias da plataforma: compreender como o usu\u00e1rio utiliza os servi\u00e7os da plataforma, para ajudar no desenvolvimento de neg\u00f3cios e t\u00e9cnicas.<\/li>\n\n\n\n<li>An\u00fancios: apresentar an\u00fancios personalizados para o usu\u00e1rio com base nos dados fornecidos.<\/li>\n\n\n\n<li>Comercial: os dados s\u00e3o usados para personalizar o conte\u00fado oferecido e gerar subs\u00eddio \u00e0 plataforma para a melhora da qualidade no funcionamento dos servi\u00e7os.<\/li>\n\n\n\n<li>Previs\u00e3o do perfil do usu\u00e1rio: tratamento automatizados de dados pessoais para avaliar o uso na plataforma.<\/li>\n\n\n\n<li>Dados de cadastro: para permitir o acesso do usu\u00e1rio a determinados conte\u00fados da plataforma, exclusivo para usu\u00e1rios cadastrados.<\/li>\n\n\n\n<li>Dados de contrato: conferir \u00e0s partes seguran\u00e7a jur\u00eddica e facilitar a conclus\u00e3o do neg\u00f3cio.<\/li>\n\n\n\n<li>Term\u00f4metro emocional: monitorar o humor dos colaboradores, utilizando essas informa\u00e7\u00f5es como insumo para a\u00e7\u00f5es em prol de melhorar a sa\u00fade de cada um deles.<\/li>\n<\/ul>\n\n\n\n<p>O tratamento de dados pessoais para finalidades n\u00e3o previstas nesta Pol\u00edtica de Privacidade somente ocorrer\u00e1 mediante comunica\u00e7\u00e3o pr\u00e9via ao usu\u00e1rio, de modo que os direitos e obriga\u00e7\u00f5es aqui previstos permanecem aplic\u00e1veis.<\/p>\n\n\n\n<h2 class=\"wp-block-heading\">06. POR QUANTO TEMPO OS DADOS PESSOAIS FICAM ARMAZENADOS?<\/h2>\n\n\n\n<p>Os dados pessoais do usu\u00e1rio e visitante s\u00e3o armazenados pela plataforma durante o per\u00edodo necess\u00e1rio para a presta\u00e7\u00e3o do servi\u00e7o ou o cumprimento das finalidades previstas no presente documento, conforme o disposto no inciso I do artigo 15 da Lei 13.709\/18.<\/p>\n\n\n\n<p>Os dados podem ser removidos ou anonimizados a pedido do usu\u00e1rio, excetuando os casos em que a lei oferecer outro tratamento.<\/p>\n\n\n\n<p>Ainda, os dados pessoais dos usu\u00e1rios apenas podem ser conservados ap\u00f3s o t\u00e9rmino de seu tratamento nas seguintes hip\u00f3teses previstas no artigo 16 da referida lei:<\/p>\n\n\n\n<p>I &#8211; cumprimento de obriga\u00e7\u00e3o legal ou regulat\u00f3ria pelo controlador;<\/p>\n\n\n\n<p>II &#8211; estudo por \u00f3rg\u00e3o de pesquisa, garantida, sempre que poss\u00edvel, a anonimiza\u00e7\u00e3o dos dados pessoais;<\/p>\n\n\n\n<p>III &#8211; transfer\u00eancia a terceiro, desde que respeitados os requisitos de tratamento de dados dispostos nesta Lei;<\/p>\n\n\n\n<p>IV &#8211; uso exclusivo do controlador, vedado seu acesso por terceiro, e desde que anonimizados os dados.<\/p>\n\n\n\n<h2 class=\"wp-block-heading\">07. SEGURAN\u00c7A DOS DADOS PESSOAIS ARMAZENADOS<\/h2>\n\n\n\n<p>Tendo em vista a preserva\u00e7\u00e3o de sua privacidade, a Nostrum n\u00e3o compartilhar\u00e1 seus dados pessoais com nenhum terceiro n\u00e3o autorizado.<\/p>\n\n\n\n<p>Entre as medidas que adotamos, destacamos as seguintes:Apenas pessoas autorizadas t\u00eam acesso a seus dados pessoais;O acesso a seus dados pessoais \u00e9 feito somente ap\u00f3s o compromisso de confidencialidade; Seus dados pessoais s\u00e3o armazenados em ambiente seguro e id\u00f4neo;Todas as comunica\u00e7\u00f5es entre cliente e servidor s\u00e3o realizadas atrav\u00e9s de canal criptografado usando a tecnologia &#8220;secure socket layer&#8221; (SSL), que garante a transmiss\u00e3o de dados de forma segura e confidencial.<\/p>\n\n\n\n<p>A Nostrum se compromete a adotar as melhores pr\u00e1ticas para evitar incidentes de seguran\u00e7a. Contudo, \u00e9 necess\u00e1rio destacar que nenhuma aplica\u00e7\u00e3o virtual \u00e9 inteiramente segura e livre de riscos. \u00c9 poss\u00edvel que, apesar de todos os nossos protocolos de seguran\u00e7a, problemas de culpa exclusivamente de terceiros ocorram, como ataques cibern\u00e9ticos de hackers, ou tamb\u00e9m em decorr\u00eancia da neglig\u00eancia ou imprud\u00eancia do pr\u00f3prio usu\u00e1rio\/cliente.<\/p>\n\n\n\n<p>Em caso de incidentes de seguran\u00e7a que possa gerar risco ou dano relevante para voc\u00ea ou qualquer um de nossos usu\u00e1rios\/clientes, comunicaremos aos afetados e a Autoridade Nacional de Prote\u00e7\u00e3o de Dados sobre o ocorrido, em conson\u00e2ncia com as disposi\u00e7\u00f5es da Lei Geral de Prote\u00e7\u00e3o de Dados.<\/p>\n\n\n\n<h2 class=\"wp-block-heading\">08. COMPARTILHAMENTO DOS DADOS<\/h2>\n\n\n\n<p>Os dados pessoais do usu\u00e1rio e visitante s\u00e3o armazenados pela plataforma durante o per\u00edodo necess\u00e1rio para a presta\u00e7\u00e3o do servi\u00e7o ou o cumprimento das finalidades previstas no presente documento, conforme o disposto no inciso I do artigo 15 da Lei 13.709\/18.<\/p>\n\n\n\n<p>Seus dados poder\u00e3o ser compartilhados com nossos parceiros comerciais apenas na medida do necess\u00e1rio para a presta\u00e7\u00e3o dos servi\u00e7os contratados, como hospedagem e armazenamento, sendo nossos contratos orientados pelas normas de prote\u00e7\u00e3o de dados do ordenamento jur\u00eddico brasileiro.<\/p>\n\n\n\n<p>Existem outras hip\u00f3teses em que seus dados poder\u00e3o ser compartilhados, que s\u00e3o:<\/p>\n\n\n\n<p>I &#8211; Determina\u00e7\u00e3o legal, requerimento, requisi\u00e7\u00e3o ou ordem judicial, com autoridades judiciais, administrativas ou governamentais competentes.<\/p>\n\n\n\n<p>II &#8211; Caso de movimenta\u00e7\u00f5es societ\u00e1rias, como fus\u00e3o, aquisi\u00e7\u00e3o e incorpora\u00e7\u00e3o, de forma autom\u00e1tica.<\/p>\n\n\n\n<p>III &#8211; Prote\u00e7\u00e3o dos direitos da Nostrum em qualquer tipo de conflito, inclusive os de teor judicial.<\/p>\n\n\n\n<h2 class=\"wp-block-heading\">09. TRANSFER\u00caNCIA INTERNACIONAL DE DADOS<\/h2>\n\n\n\n<p>Alguns dos terceiros com quem compartilhamos seus dados podem ser localizados ou ou possuirem instala\u00e7\u00f5es localizadas em pa\u00edses estrangeiros. Nessas condi\u00e7\u00f5es, de toda forma, seus dados pessoais estar\u00e3o sujeitos \u00e0 Lei Geral de Prote\u00e7\u00e3o de Dados e \u00e0s demais legisla\u00e7\u00f5es brasileiras de prote\u00e7\u00e3o de dados<\/p>\n\n\n\n<p>Nesse sentido, a Nostrum se compromete a sempre adotar eficientes padr\u00f5es de seguran\u00e7a cibern\u00e9tica e de prote\u00e7\u00e3o de dados, nos melhores esfor\u00e7os de garantir e cumprir as exig\u00eancias legislativas.<\/p>\n\n\n\n<p>Ao conceder o aceite nesta Pol\u00edtica de Privacidade, voc\u00ea concorda com esse compartilhamento, que se dar\u00e1 conforme as finalidades descritas no presente instrumento.<\/p>\n\n\n\n<h2 class=\"wp-block-heading\">10. COOKIES OU DADOS DE NAVEGA\u00c7\u00c3O<\/h2>\n\n\n\n<p>Os cookies referem-se a arquivos de texto enviados pela plataforma ao computador do usu\u00e1rio e visitante e que nele ficam armazenados, com informa\u00e7\u00f5es relacionadas \u00e0 navega\u00e7\u00e3o no site. Tais informa\u00e7\u00f5es s\u00e3o relacionadas aos dados de acesso como local e hor\u00e1rio de acesso e s\u00e3o armazenadas pelo navegador do usu\u00e1rio e visitante para que o servidor da plataforma possa l\u00ea-las posteriormente a fim de personalizar os servi\u00e7os da plataforma.<\/p>\n\n\n\n<p>O usu\u00e1rio e o visitante da plataforma Nostrum manifesta conhecer e aceitar que pode ser utilizado um sistema de coleta de dados de navega\u00e7\u00e3o mediante \u00e0 utiliza\u00e7\u00e3o de cookies.<\/p>\n\n\n\n<p>O cookie persistente permanece no disco r\u00edgido do usu\u00e1rio e visitante depois que o navegador \u00e9 fechado e ser\u00e1 usado pelo navegador em visitas subsequentes ao site. Os cookies persistentes podem ser removidos seguindo as instru\u00e7\u00f5es do seu navegador. J\u00e1 o cookie de sess\u00e3o \u00e9 tempor\u00e1rio e desaparece depois que o navegador \u00e9 fechado. \u00c9 poss\u00edvel redefinir seu navegador da web para recusar todos os cookies, por\u00e9m alguns recursos da plataforma podem n\u00e3o funcionar corretamente se a capacidade de aceitar cookies estiver desabilitada.<\/p>\n\n\n\n<h2 class=\"wp-block-heading\">11. CONSENTIMENTO<\/h2>\n\n\n\n<p>Ao utilizar os servi\u00e7os e fornecer as informa\u00e7\u00f5es pessoais na plataforma, o usu\u00e1rio est\u00e1 consentindo com a presente Pol\u00edtica de Privacidade.<\/p>\n\n\n\n<p>O usu\u00e1rio, ao cadastrar-se, manifesta conhecer e pode exercitar seus direitos de cancelar seu cadastro, acessar e atualizar seus dados pessoais e garante a veracidade das informa\u00e7\u00f5es por ele disponibilizadas.<\/p>\n\n\n\n<p>O usu\u00e1rio tem direito de retirar o seu consentimento a qualquer tempo, para tanto deve entrar em contato atrav\u00e9s do e-mail<a href=\"mailto:dpo@mnemosine.app\">&nbsp;dpo@nostrum.tech<\/a>.<\/p>\n\n\n\n<h2 class=\"wp-block-heading\">12. DIREITOS DO USU\u00c1RIO E VISITANTE<\/h2>\n\n\n\n<p>Em atendimento ao Art. 18 da Lei n\u00ba 13.709\/2018, a Nostrum assegura aos seus Usu\u00e1rios e Visitantes o exerc\u00edcio dos seguintes direitos:Confirma\u00e7\u00e3o da exist\u00eancia de tratamento;Acesso aos dados;Corre\u00e7\u00e3o de dados incompletos, inexatos ou desatualizados; Anonimiza\u00e7\u00e3o, bloqueio ou elimina\u00e7\u00e3o de dados desnecess\u00e1rios, excessivos ou tratados em desconformidade com o disposto nesta Lei;Portabilidade dos dados a outro fornecedor de servi\u00e7o ou produto, mediante requisi\u00e7\u00e3o expressa e observados os segredos comercial e industrial, de acordo com a regulamenta\u00e7\u00e3o do \u00f3rg\u00e3o controlador;Elimina\u00e7\u00e3o dos dados pessoais tratados com o consentimento do titular, exceto nas hip\u00f3teses previstas no Art. 16 da referida Lei;Informa\u00e7\u00e3o das entidades p\u00fablicas e privadas com as quais a Controladora realizou uso compartilhado de dados;Informa\u00e7\u00e3o sobre a possibilidade de n\u00e3o fornecer consentimento e sobre as consequ\u00eancias da negativa;Revoga\u00e7\u00e3o do consentimento, nos termos do \u00a7 5\u00ba do Art. 8\u00ba da referida legisla\u00e7\u00e3o.<\/p>\n\n\n\n<p>O exerc\u00edcio de qualquer um desses direitos poder\u00e1 ser solicitado atrav\u00e9s do e-mail<a href=\"mailto:dpo@nostrum.tech\">&nbsp;dpo@nostrum.tech<\/a>a qualquer tempo e medidante simples requisi\u00e7\u00e3o. Tentaremos responder a todas as requisi\u00e7\u00f5es legitimas na maior brevidade poss\u00edvel.<\/p>\n\n\n\n<h2 class=\"wp-block-heading\">13. ALTERA\u00c7\u00d5ES PARA ESSA POL\u00cdTICA DE PRIVACIDADE<\/h2>\n\n\n\n<p>Reservamos o direito de modificar essa Pol\u00edtica de Privacidade a qualquer momento, ent\u00e3o, \u00e9 recomend\u00e1vel que o usu\u00e1rio e visitante revise-a com frequ\u00eancia.<\/p>\n\n\n\n<p>As altera\u00e7\u00f5es e esclarecimentos v\u00e3o surtir efeito imediatamente ap\u00f3s sua publica\u00e7\u00e3o na plataforma. Quando realizadas altera\u00e7\u00f5es os usu\u00e1rios ser\u00e3o notificados. Ao utilizar o servi\u00e7o ou fornecer informa\u00e7\u00f5es pessoais ap\u00f3s eventuais modifica\u00e7\u00f5es, o usu\u00e1rio e visitante demonstra sua concord\u00e2ncia com as novas normas.<\/p>\n\n\n\n<p>Diante da fus\u00e3o ou venda da plataforma \u00e0 outra empresa os dados dos usu\u00e1rios podem ser transferidos para os novos propriet\u00e1rios para que a perman\u00eancia dos servi\u00e7os oferecidos.<\/p>\n\n\n\n<h2 class=\"wp-block-heading\">14. JURISDI\u00c7\u00c3O PARA RESOLU\u00c7\u00c3O DE CONFLITOS<\/h2>\n\n\n\n<p>Para a solu\u00e7\u00e3o de controv\u00e9rsias decorrentes do presente instrumento ser\u00e1 aplicado integralmente o Direito brasileiro.<\/p>\n\n\n\n<p>Os eventuais lit\u00edgios dever\u00e3o ser apresentados no foro da comarca da cidade de Belo Horizonte, Estado de Minas Gerais.<\/p>\n","protected":false},"excerpt":{"rendered":"<p>\u00daltima atualiza\u00e7\u00e3o: 15\/09\/2023 01. INFORMA\u00c7\u00d5ES GERAIS A presente Pol\u00edtica de Privacidade cont\u00e9m informa\u00e7\u00f5es sobre coleta, uso, armazenamento, tratamento e prote\u00e7\u00e3o dos dados pessoais dos usu\u00e1rios e visitantes do aplicativo Mnemosine, com a finalidade de demonstrar absoluta transpar\u00eancia quanto ao assunto e esclarecer a todos interessados sobre os tipos de dados que s\u00e3o coletados, os motivos [&hellip;]<\/p>\n","protected":false},"author":1,"featured_media":0,"parent":0,"menu_order":0,"comment_status":"closed","ping_status":"open","template":"","meta":{"footnotes":""},"class_list":["post-3","page","type-page","status-publish","hentry"],"jetpack_sharing_enabled":true,"_links":{"self":[{"href":"https:\/\/educarte.academy\/index.php?rest_route=\/wp\/v2\/pages\/3","targetHints":{"allow":["GET"]}}],"collection":[{"href":"https:\/\/educarte.academy\/index.php?rest_route=\/wp\/v2\/pages"}],"about":[{"href":"https:\/\/educarte.academy\/index.php?rest_route=\/wp\/v2\/types\/page"}],"author":[{"embeddable":true,"href":"https:\/\/educarte.academy\/index.php?rest_route=\/wp\/v2\/users\/1"}],"replies":[{"embeddable":true,"href":"https:\/\/educarte.academy\/index.php?rest_route=%2Fwp%2Fv2%2Fcomments&post=3"}],"version-history":[{"count":3,"href":"https:\/\/educarte.academy\/index.php?rest_route=\/wp\/v2\/pages\/3\/revisions"}],"predecessor-version":[{"id":357,"href":"https:\/\/educarte.academy\/index.php?rest_route=\/wp\/v2\/pages\/3\/revisions\/357"}],"wp:attachment":[{"href":"https:\/\/educarte.academy\/index.php?rest_route=%2Fwp%2Fv2%2Fmedia&parent=3"}],"curies":[{"name":"wp","href":"https:\/\/api.w.org\/{rel}","templated":true}]}}